{"id":5480,"date":"2024-02-06T21:46:18","date_gmt":"2024-02-06T19:46:18","guid":{"rendered":"https:\/\/www.ruosniemibikepark.fi\/?page_id=5480"},"modified":"2024-02-07T20:43:00","modified_gmt":"2024-02-07T18:43:00","slug":"ryhmat","status":"publish","type":"page","link":"https:\/\/www.ruosniemibikepark.fi\/en\/ryhmat\/","title":{"rendered":"Groups"},"content":{"rendered":"\t\t<div data-elementor-type=\"wp-post\" data-elementor-id=\"5480\" class=\"elementor elementor-5480\" data-elementor-post-type=\"page\">\n\t\t\t\t\t\t<section class=\"elementor-section elementor-top-section elementor-element elementor-element-4ecc7bb elementor-section-height-min-height elementor-section-boxed elementor-section-height-default elementor-section-items-middle\" data-id=\"4ecc7bb\" data-element_type=\"section\" data-e-type=\"section\" data-settings=\"{&quot;background_background&quot;:&quot;slideshow&quot;,&quot;background_slideshow_gallery&quot;:[{&quot;id&quot;:5487,&quot;url&quot;:&quot;https:\\\/\\\/www.ruosniemibikepark.fi\\\/wp-content\\\/uploads\\\/2024\\\/02\\\/3cd24918-2b30-48c5-a7ba-18e1f8ad0b76.jpg&quot;},{&quot;id&quot;:3002,&quot;url&quot;:&quot;https:\\\/\\\/www.ruosniemibikepark.fi\\\/wp-content\\\/uploads\\\/2022\\\/01\\\/9-scaled.jpg&quot;},{&quot;id&quot;:2403,&quot;url&quot;:&quot;https:\\\/\\\/www.ruosniemibikepark.fi\\\/wp-content\\\/uploads\\\/2021\\\/06\\\/P1090612-scaled.jpg&quot;},{&quot;id&quot;:5492,&quot;url&quot;:&quot;https:\\\/\\\/www.ruosniemibikepark.fi\\\/wp-content\\\/uploads\\\/2024\\\/02\\\/IMG20230808183225-scaled.jpg&quot;},{&quot;id&quot;:5486,&quot;url&quot;:&quot;https:\\\/\\\/www.ruosniemibikepark.fi\\\/wp-content\\\/uploads\\\/2024\\\/02\\\/IMG_20230711_182612-2-scaled.jpg&quot;}],&quot;background_slideshow_slide_duration&quot;:6000,&quot;background_slideshow_transition_duration&quot;:1500,&quot;background_slideshow_loop&quot;:&quot;yes&quot;,&quot;background_slideshow_slide_transition&quot;:&quot;fade&quot;}\">\n\t\t\t\t\t\t<div class=\"elementor-container elementor-column-gap-default\">\n\t\t\t\t\t<div class=\"elementor-column elementor-col-50 elementor-top-column elementor-element elementor-element-93c171d\" data-id=\"93c171d\" data-element_type=\"column\" data-e-type=\"column\" data-settings=\"{&quot;background_background&quot;:&quot;classic&quot;}\">\n\t\t\t<div class=\"elementor-widget-wrap elementor-element-populated\">\n\t\t\t\t\t\t<div class=\"elementor-element elementor-element-136dbf3 elementor-widget elementor-widget-heading\" data-id=\"136dbf3\" data-element_type=\"widget\" data-e-type=\"widget\" data-widget_type=\"heading.default\">\n\t\t\t\t<div class=\"elementor-widget-container\">\n\t\t\t\t\t<h2 class=\"elementor-heading-title elementor-size-default\">Ryhm\u00e4t<\/h2>\t\t\t\t<\/div>\n\t\t\t\t<\/div>\n\t\t\t\t<div class=\"elementor-element elementor-element-cd2a1d0 elementor-widget-divider--view-line_icon elementor-view-default elementor-widget-divider--element-align-center elementor-widget elementor-widget-divider\" data-id=\"cd2a1d0\" data-element_type=\"widget\" data-e-type=\"widget\" data-widget_type=\"divider.default\">\n\t\t\t\t<div class=\"elementor-widget-container\">\n\t\t\t\t\t\t\t<div class=\"elementor-divider\">\n\t\t\t<span class=\"elementor-divider-separator\">\n\t\t\t\t\t\t\t<div class=\"elementor-icon elementor-divider__element\">\n\t\t\t\t\t<i aria-hidden=\"true\" class=\"material-icons md-group\"><\/i><\/div>\n\t\t\t\t\t\t<\/span>\n\t\t<\/div>\n\t\t\t\t\t\t<\/div>\n\t\t\t\t<\/div>\n\t\t\t\t<div class=\"elementor-element elementor-element-58b6d0c elementor-widget elementor-widget-heading\" data-id=\"58b6d0c\" data-element_type=\"widget\" data-e-type=\"widget\" data-widget_type=\"heading.default\">\n\t\t\t\t<div class=\"elementor-widget-container\">\n\t\t\t\t\t<h2 class=\"elementor-heading-title elementor-size-default\">Porukalla ajamaan?<\/h2>\t\t\t\t<\/div>\n\t\t\t\t<\/div>\n\t\t\t\t<div class=\"elementor-element elementor-element-ca855f1 elementor-widget elementor-widget-text-editor\" data-id=\"ca855f1\" data-element_type=\"widget\" data-e-type=\"widget\" data-widget_type=\"text-editor.default\">\n\t\t\t\t<div class=\"elementor-widget-container\">\n\t\t\t\t\t\t\t\t\t<p><b>Voimme j\u00e4rjest\u00e4\u00e4 r\u00e4\u00e4t\u00e4l\u00f6ityj\u00e4 aktiviteettipaketteja kaveriporukoille, yrityksille tai mille vaan muulle ryhm\u00e4lle. Voit esimerkiksi l\u00e4hte\u00e4 ryhm\u00e4si kanssa opastetulle lenkille l\u00e4himaastoon tai tulla ajamaan alam\u00e4keen tai yhdist\u00e4\u00e4 n\u00e4m\u00e4 aktiviteetit yhdeksi paketiksi.&nbsp;<\/b><\/p>\n<p><b>Pystymme my\u00f6s j\u00e4rjest\u00e4m\u00e4\u00e4n yksityisopetusta ryhm\u00e4llesi. Ohjaajamme opastaa teit\u00e4 mm. lajin alkeisiin, perus ajotekniikkaan ja hissin k\u00e4ytt\u00f6\u00f6n. Meilt\u00e4 saat tarvittaessa py\u00f6r\u00e4t sek\u00e4 varusteet valitsemallesi aktiviteetille.<\/b><\/p>\n<p><b>Meill\u00e4 onnistuu esimerkiksi:<\/b><\/p>\n<ul>\n<li><b>Koulujen tai muun ryhm\u00e4n tutustumisk\u00e4ynnit<\/b><\/li>\n<li><b>Virkistysp\u00e4iv\u00e4t<\/b><\/li>\n<li><b>Syntym\u00e4p\u00e4iv\u00e4t<\/b><\/li>\n<li><b>Yksityisopetus ryhmille<\/b><\/li>\n<\/ul>\n<p><b>Ryhm\u00e4aktiviteetit voidaan j\u00e4rjest\u00e4\u00e4 my\u00f6s normaalien aukioloaikojen ulkopuolella.<\/b><\/p>\t\t\t\t\t\t\t\t<\/div>\n\t\t\t\t<\/div>\n\t\t\t\t<div class=\"elementor-element elementor-element-7e1e645 elementor-widget elementor-widget-heading\" data-id=\"7e1e645\" data-element_type=\"widget\" data-e-type=\"widget\" data-widget_type=\"heading.default\">\n\t\t\t\t<div class=\"elementor-widget-container\">\n\t\t\t\t\t<h3 class=\"elementor-heading-title elementor-size-default\">Kysy rohkeasti lis\u00e4\u00e4!<\/h3>\t\t\t\t<\/div>\n\t\t\t\t<\/div>\n\t\t\t\t\t<\/div>\n\t\t<\/div>\n\t\t\t\t<div class=\"elementor-column elementor-col-50 elementor-top-column elementor-element elementor-element-11d790f\" data-id=\"11d790f\" data-element_type=\"column\" data-e-type=\"column\">\n\t\t\t<div class=\"elementor-widget-wrap\">\n\t\t\t\t\t\t\t<\/div>\n\t\t<\/div>\n\t\t\t\t\t<\/div>\n\t\t<\/section>\n\t\t\t\t<section class=\"elementor-section elementor-top-section elementor-element elementor-element-cacaca8 elementor-section-boxed elementor-section-height-default elementor-section-height-default\" data-id=\"cacaca8\" data-element_type=\"section\" data-e-type=\"section\">\n\t\t\t\t\t\t<div class=\"elementor-container elementor-column-gap-default\">\n\t\t\t\t\t<div class=\"elementor-column elementor-col-100 elementor-top-column elementor-element elementor-element-e597157\" data-id=\"e597157\" data-element_type=\"column\" data-e-type=\"column\" data-settings=\"{&quot;background_background&quot;:&quot;classic&quot;}\">\n\t\t\t<div class=\"elementor-widget-wrap elementor-element-populated\">\n\t\t\t\t\t\t<div class=\"elementor-element elementor-element-788fa83 elementor-widget elementor-widget-heading\" data-id=\"788fa83\" data-element_type=\"widget\" data-e-type=\"widget\" data-widget_type=\"heading.default\">\n\t\t\t\t<div class=\"elementor-widget-container\">\n\t\t\t\t\t<h2 class=\"elementor-heading-title elementor-size-default\">Kiinnostuitko?<\/h2>\t\t\t\t<\/div>\n\t\t\t\t<\/div>\n\t\t\t\t<div class=\"elementor-element elementor-element-b6f790d elementor-widget elementor-widget-heading\" data-id=\"b6f790d\" data-element_type=\"widget\" data-e-type=\"widget\" data-widget_type=\"heading.default\">\n\t\t\t\t<div class=\"elementor-widget-container\">\n\t\t\t\t\t<h2 class=\"elementor-heading-title elementor-size-default\">Ota yhteytt\u00e4!<\/h2>\t\t\t\t<\/div>\n\t\t\t\t<\/div>\n\t\t\t\t<div class=\"elementor-element elementor-element-9f81103 elementor-widget-divider--view-line_icon elementor-view-default elementor-widget-divider--element-align-center elementor-widget elementor-widget-divider\" data-id=\"9f81103\" data-element_type=\"widget\" data-e-type=\"widget\" data-widget_type=\"divider.default\">\n\t\t\t\t<div class=\"elementor-widget-container\">\n\t\t\t\t\t\t\t<div class=\"elementor-divider\">\n\t\t\t<span class=\"elementor-divider-separator\">\n\t\t\t\t\t\t\t<div class=\"elementor-icon elementor-divider__element\">\n\t\t\t\t\t<i aria-hidden=\"true\" class=\"fas fa-envelope\"><\/i><\/div>\n\t\t\t\t\t\t<\/span>\n\t\t<\/div>\n\t\t\t\t\t\t<\/div>\n\t\t\t\t<\/div>\n\t\t\t\t<div class=\"elementor-element elementor-element-d6f51ef elementor-widget elementor-widget-wpforms\" data-id=\"d6f51ef\" data-element_type=\"widget\" data-e-type=\"widget\" data-widget_type=\"wpforms.default\">\n\t\t\t\t<div class=\"elementor-widget-container\">\n\t\t\t\t\t<div class=\"wpforms-container \" id=\"wpforms-5495\"><form id=\"wpforms-form-5495\" class=\"wpforms-validate wpforms-form\" data-formid=\"5495\" method=\"post\" enctype=\"multipart\/form-data\" action=\"\/en\/wp-json\/wp\/v2\/pages\/5480\" data-token=\"bd911c3a9fe1724f6299a3f8244c0759\" data-token-time=\"1777447596\"><noscript class=\"wpforms-error-noscript\">Please enable JavaScript in your browser to complete this form.<\/noscript><div class=\"wpforms-field-container\"><div id=\"wpforms-5495-field_0-container\" class=\"wpforms-field wpforms-field-name\" data-field-id=\"0\"><label class=\"wpforms-field-label\" for=\"wpforms-5495-field_0\">Nimi <span class=\"wpforms-required-label\">*<\/span><\/label><input type=\"text\" id=\"wpforms-5495-field_0\" class=\"wpforms-field-large wpforms-field-required\" name=\"wpforms[fields][0]\" required><\/div><div id=\"wpforms-5495-field_1-container\" class=\"wpforms-field wpforms-field-email\" data-field-id=\"1\"><label class=\"wpforms-field-label\" for=\"wpforms-5495-field_1\">S\u00e4hk\u00f6postiosoite <span class=\"wpforms-required-label\">*<\/span><\/label><input type=\"email\" id=\"wpforms-5495-field_1\" class=\"wpforms-field-large wpforms-field-required\" name=\"wpforms[fields][1]\" spellcheck=\"false\" required><\/div><div id=\"wpforms-5495-field_2-container\" class=\"wpforms-field wpforms-field-textarea\" data-field-id=\"2\"><label class=\"wpforms-field-label\" for=\"wpforms-5495-field_2\">Viesti <span class=\"wpforms-required-label\">*<\/span><\/label><textarea id=\"wpforms-5495-field_2\" class=\"wpforms-field-large wpforms-field-required\" name=\"wpforms[fields][2]\" placeholder=\"Mit\u00e4 mieless\u00e4?\" required><\/textarea><\/div><\/div><!-- .wpforms-field-container --><div class=\"wpforms-field wpforms-field-hp\"><label for=\"wpforms-5495-field-hp\" class=\"wpforms-field-label\">Website<\/label><input type=\"text\" name=\"wpforms[hp]\" id=\"wpforms-5495-field-hp\" class=\"wpforms-field-medium\"><\/div><div class=\"wpforms-submit-container\" ><input type=\"hidden\" name=\"wpforms[id]\" value=\"5495\"><input type=\"hidden\" name=\"page_title\" value=\"\"><input type=\"hidden\" name=\"page_url\" value=\"https:\/\/www.ruosniemibikepark.fi\/en\/wp-json\/wp\/v2\/pages\/5480\"><input type=\"hidden\" name=\"url_referer\" value=\"\"><button type=\"submit\" name=\"wpforms[submit]\" id=\"wpforms-submit-5495\" class=\"wpforms-submit\" data-alt-text=\"L\u00e4hett\u00e4\u00e4...\" data-submit-text=\"L\u00c4HET\u00c4 VIESTI\" aria-live=\"assertive\" value=\"wpforms-submit\">L\u00c4HET\u00c4 VIESTI<\/button><\/div><\/form><\/div>  <!-- .wpforms-container -->\t\t\t\t<\/div>\n\t\t\t\t<\/div>\n\t\t\t\t\t<\/div>\n\t\t<\/div>\n\t\t\t\t\t<\/div>\n\t\t<\/section>\n\t\t\t\t<\/div>\n\t\t","protected":false},"excerpt":{"rendered":"<p>Ryhm\u00e4t Porukalla ajamaan? Voimme j\u00e4rjest\u00e4\u00e4 r\u00e4\u00e4t\u00e4l\u00f6ityj\u00e4 aktiviteettipaketteja kaveriporukoille, yrityksille tai mille vaan muulle ryhm\u00e4lle. Voit esimerkiksi l\u00e4hte\u00e4 ryhm\u00e4si kanssa opastetulle lenkille l\u00e4himaastoon tai tulla ajamaan alam\u00e4keen tai yhdist\u00e4\u00e4 n\u00e4m\u00e4 aktiviteetit yhdeksi paketiksi.&nbsp; Pystymme my\u00f6s j\u00e4rjest\u00e4m\u00e4\u00e4n yksityisopetusta ryhm\u00e4llesi. Ohjaajamme opastaa teit\u00e4 mm. lajin alkeisiin, perus ajotekniikkaan ja hissin k\u00e4ytt\u00f6\u00f6n. Meilt\u00e4 saat tarvittaessa py\u00f6r\u00e4t sek\u00e4 varusteet valitsemallesi [&hellip;]<\/p>\n","protected":false},"author":1,"featured_media":0,"parent":0,"menu_order":0,"comment_status":"closed","ping_status":"closed","template":"","meta":{"site-sidebar-layout":"no-sidebar","site-content-layout":"page-builder","ast-site-content-layout":"full-width-container","site-content-style":"unboxed","site-sidebar-style":"unboxed","ast-global-header-display":"","ast-banner-title-visibility":"","ast-main-header-display":"","ast-hfb-above-header-display":"","ast-hfb-below-header-display":"","ast-hfb-mobile-header-display":"","site-post-title":"disabled","ast-breadcrumbs-content":"","ast-featured-img":"disabled","footer-sml-layout":"","theme-transparent-header-meta":"enabled","adv-header-id-meta":"","stick-header-meta":"","header-above-stick-meta":"","header-main-stick-meta":"","header-below-stick-meta":"","astra-migrate-meta-layouts":"set","ast-page-background-enabled":"default","ast-page-background-meta":{"desktop":{"background-color":"","background-image":"","background-repeat":"repeat","background-position":"center center","background-size":"auto","background-attachment":"scroll","background-type":"","background-media":"","overlay-type":"","overlay-color":"","overlay-gradient":""},"tablet":{"background-color":"","background-image":"","background-repeat":"repeat","background-position":"center center","background-size":"auto","background-attachment":"scroll","background-type":"","background-media":"","overlay-type":"","overlay-color":"","overlay-gradient":""},"mobile":{"background-color":"","background-image":"","background-repeat":"repeat","background-position":"center center","background-size":"auto","background-attachment":"scroll","background-type":"","background-media":"","overlay-type":"","overlay-color":"","overlay-gradient":""}},"ast-content-background-meta":{"desktop":{"background-color":"var(--ast-global-color-5)","background-image":"","background-repeat":"repeat","background-position":"center center","background-size":"auto","background-attachment":"scroll","background-type":"","background-media":"","overlay-type":"","overlay-color":"","overlay-gradient":""},"tablet":{"background-color":"var(--ast-global-color-5)","background-image":"","background-repeat":"repeat","background-position":"center center","background-size":"auto","background-attachment":"scroll","background-type":"","background-media":"","overlay-type":"","overlay-color":"","overlay-gradient":""},"mobile":{"background-color":"var(--ast-global-color-5)","background-image":"","background-repeat":"repeat","background-position":"center center","background-size":"auto","background-attachment":"scroll","background-type":"","background-media":"","overlay-type":"","overlay-color":"","overlay-gradient":""}},"footnotes":""},"class_list":["post-5480","page","type-page","status-publish","hentry"],"_links":{"self":[{"href":"https:\/\/www.ruosniemibikepark.fi\/en\/wp-json\/wp\/v2\/pages\/5480","targetHints":{"allow":["GET"]}}],"collection":[{"href":"https:\/\/www.ruosniemibikepark.fi\/en\/wp-json\/wp\/v2\/pages"}],"about":[{"href":"https:\/\/www.ruosniemibikepark.fi\/en\/wp-json\/wp\/v2\/types\/page"}],"author":[{"embeddable":true,"href":"https:\/\/www.ruosniemibikepark.fi\/en\/wp-json\/wp\/v2\/users\/1"}],"replies":[{"embeddable":true,"href":"https:\/\/www.ruosniemibikepark.fi\/en\/wp-json\/wp\/v2\/comments?post=5480"}],"version-history":[{"count":64,"href":"https:\/\/www.ruosniemibikepark.fi\/en\/wp-json\/wp\/v2\/pages\/5480\/revisions"}],"predecessor-version":[{"id":5565,"href":"https:\/\/www.ruosniemibikepark.fi\/en\/wp-json\/wp\/v2\/pages\/5480\/revisions\/5565"}],"wp:attachment":[{"href":"https:\/\/www.ruosniemibikepark.fi\/en\/wp-json\/wp\/v2\/media?parent=5480"}],"curies":[{"name":"wp","href":"https:\/\/api.w.org\/{rel}","templated":true}]}}